{"id":2,"date":"2023-05-30T16:00:13","date_gmt":"2023-05-30T14:00:13","guid":{"rendered":"http:\/\/www.stjernarpsved.se\/?page_id=2"},"modified":"2025-10-21T10:31:38","modified_gmt":"2025-10-21T08:31:38","slug":"boka-avhamtning","status":"publish","type":"page","link":"https:\/\/stjernarpsved.se\/","title":{"rendered":"BRASVED"},"content":{"rendered":"\n<div class=\"wp-block-columns is-layout-flex wp-container-core-columns-is-layout-2 wp-block-columns-is-layout-flex\">\n<div class=\"wp-block-column is-layout-flow wp-block-column-is-layout-flow\">\n<p><\/p>\n\n\n\n<hr class=\"wp-block-separator has-alpha-channel-opacity\"\/>\n\n\n\n<div class=\"wp-block-columns is-layout-flex wp-container-core-columns-is-layout-1 wp-block-columns-is-layout-flex\">\n<div class=\"wp-block-column is-vertically-aligned-top is-layout-flow wp-block-column-is-layout-flow\">\n<figure class=\"wp-block-image size-large\"><img loading=\"lazy\" decoding=\"async\" width=\"1024\" height=\"683\" src=\"https:\/\/stjernarpsved.se\/wp-content\/uploads\/2023\/06\/firewood-7944220-1024x683.jpg\" alt=\"\" class=\"wp-image-77\" srcset=\"https:\/\/stjernarpsved.se\/wp-content\/uploads\/2023\/06\/firewood-7944220-1024x683.jpg 1024w, https:\/\/stjernarpsved.se\/wp-content\/uploads\/2023\/06\/firewood-7944220-300x200.jpg 300w, https:\/\/stjernarpsved.se\/wp-content\/uploads\/2023\/06\/firewood-7944220-768x512.jpg 768w, https:\/\/stjernarpsved.se\/wp-content\/uploads\/2023\/06\/firewood-7944220-1536x1024.jpg 1536w, https:\/\/stjernarpsved.se\/wp-content\/uploads\/2023\/06\/firewood-7944220-2048x1365.jpg 2048w\" sizes=\"(max-width: 767px) 89vw, (max-width: 1000px) 54vw, (max-width: 1071px) 543px, 580px\" \/><\/figure>\n<\/div>\n\n\n\n<div class=\"wp-block-column is-layout-flow wp-block-column-is-layout-flow\">\n<h3 class=\"wp-block-heading has-text-align-left has-luminous-vivid-orange-color has-text-color has-medium-font-size\"><strong>VEDF\u00d6RS\u00c4LJNING<\/strong><\/h3>\n\n\n\n<p><strong>Vi \u00e4r nu i full g\u00e5ng med vedf\u00f6rs\u00e4ljningen. Varmt v\u00e4lkommen att boka tid f\u00f6r att h\u00e4mta ved.<br>  <br>Tider som g\u00e5r att boka att h\u00e4mta ved  \u00e4r markerade i fet stil.   <\/strong><br><strong><br>Boka h\u00e4mtning under\u00a0fliken \u201dBest\u00e4llning\u201d. V\u00e4lj tid och hur m\u00e5nga m3 samt vilken storlek &#8211; 25 eller 30 cm.<\/strong><\/p>\n\n\n\n<div class=\"wp-block-buttons is-content-justification-left is-layout-flex wp-container-core-buttons-is-layout-1 wp-block-buttons-is-layout-flex\">\n<div class=\"wp-block-button\"><a class=\"wp-block-button__link wp-element-button\" href=\"https:\/\/stjernarpsved.se\/?page_id=233\">Boka nu<\/a><\/div>\n<\/div>\n\n\n\n<p><\/p>\n\n\n\n<p><strong>Stjernarps Ved<\/strong>&nbsp;s\u00e4ljer h\u00f6gklassig ved av bj\u00f6rk och bok fr\u00e5n egen och n\u00e4rbel\u00e4gen skog. Vi klyver, lagrar och torkar veden p\u00e5 v\u00e5r anl\u00e4ggning 10 km sydost om Halmstad.<\/p>\n<\/div>\n<\/div>\n<\/div>\n<\/div>\n\n\n\n<div class=\"wp-block-columns are-vertically-aligned-top is-layout-flex wp-container-core-columns-is-layout-3 wp-block-columns-is-layout-flex\">\n<div class=\"wp-block-column is-vertically-aligned-top is-layout-flow wp-block-column-is-layout-flow\">\n<h3 class=\"wp-block-heading\" id=\"kontakta-oss\"><strong>KONTAKTA OSS<\/strong><\/h3>\n\n\n\n<p>ved@stjernarp.se<\/p>\n<\/div>\n\n\n\n<div class=\"wp-block-column is-vertically-aligned-top is-layout-flow wp-block-column-is-layout-flow\">\n<h3 class=\"wp-block-heading has-luminous-vivid-orange-color has-text-color\" id=\"vagbeskrivning\"><strong><mark style=\"background-color:rgba(0, 0, 0, 0);color:#974806\" class=\"has-inline-color\">V\u00c4GBESKRIVNING<\/mark><\/strong><\/h3>\n\n\n\n<p>F\u00f6rs\u00e4ljning och lager,<br><strong>Stjernarps Gods<\/strong>, fr\u00e5n E6:an:<br>Halmstad S mot Markaryd, sv\u00e4ng v\u00e4nster &nbsp;mot T\u00f6nnersj\u00f6, Stj\u00e4rnarpsv\u00e4gen, och k\u00f6r ca 3 km. Efter vildsvin i tr\u00e4 k\u00f6r cirka 50 m och sv\u00e4ng v\u00e4nster vid skylt&nbsp;<strong>Stjernarps Ved<\/strong> <\/p>\n<\/div>\n<\/div>\n\n\n\n<figure class=\"wp-block-gallery has-nested-images columns-default is-cropped wp-block-gallery-1 is-layout-flex wp-block-gallery-is-layout-flex\">\n<figure class=\"wp-block-image size-full\"><img loading=\"lazy\" decoding=\"async\" width=\"1400\" height=\"1172\" data-id=\"20\" src=\"https:\/\/stjernarpsved.se\/wp-content\/uploads\/2023\/06\/aa73548b-572f-4f16-94bc-14b6b39a0352.png\" alt=\"\" class=\"wp-image-20\" srcset=\"https:\/\/stjernarpsved.se\/wp-content\/uploads\/2023\/06\/aa73548b-572f-4f16-94bc-14b6b39a0352.png 1400w, https:\/\/stjernarpsved.se\/wp-content\/uploads\/2023\/06\/aa73548b-572f-4f16-94bc-14b6b39a0352-300x251.png 300w, https:\/\/stjernarpsved.se\/wp-content\/uploads\/2023\/06\/aa73548b-572f-4f16-94bc-14b6b39a0352-1024x857.png 1024w, https:\/\/stjernarpsved.se\/wp-content\/uploads\/2023\/06\/aa73548b-572f-4f16-94bc-14b6b39a0352-768x643.png 768w\" sizes=\"(max-width: 767px) 89vw, (max-width: 1000px) 54vw, (max-width: 1071px) 543px, 580px\" \/><\/figure>\n<\/figure>\n\n\n\n<hr class=\"wp-block-separator has-alpha-channel-opacity\"\/>\n","protected":false},"excerpt":{"rendered":"<p>VEDF\u00d6RS\u00c4LJNING Vi \u00e4r nu i full g\u00e5ng med vedf\u00f6rs\u00e4ljningen. Varmt v\u00e4lkommen att boka tid f\u00f6r att h\u00e4mta ved. Tider som g\u00e5r att boka att h\u00e4mta ved \u00e4r markerade i fet stil. Boka h\u00e4mtning under\u00a0fliken \u201dBest\u00e4llning\u201d. V\u00e4lj tid och hur m\u00e5nga m3 samt vilken storlek &#8211; 25 eller 30 cm. Stjernarps Ved&nbsp;s\u00e4ljer h\u00f6gklassig ved av bj\u00f6rk &hellip; <\/p>\n<p class=\"link-more\"><a href=\"https:\/\/stjernarpsved.se\/\" class=\"more-link\">Forts\u00e4tt l\u00e4sa<span class=\"screen-reader-text\"> \u201dBRASVED\u201d<\/span><\/a><\/p>\n","protected":false},"author":1,"featured_media":0,"parent":0,"menu_order":0,"comment_status":"closed","ping_status":"closed","template":"","meta":{"footnotes":""},"_links":{"self":[{"href":"https:\/\/stjernarpsved.se\/index.php?rest_route=\/wp\/v2\/pages\/2"}],"collection":[{"href":"https:\/\/stjernarpsved.se\/index.php?rest_route=\/wp\/v2\/pages"}],"about":[{"href":"https:\/\/stjernarpsved.se\/index.php?rest_route=\/wp\/v2\/types\/page"}],"author":[{"embeddable":true,"href":"https:\/\/stjernarpsved.se\/index.php?rest_route=\/wp\/v2\/users\/1"}],"replies":[{"embeddable":true,"href":"https:\/\/stjernarpsved.se\/index.php?rest_route=%2Fwp%2Fv2%2Fcomments&post=2"}],"version-history":[{"count":5,"href":"https:\/\/stjernarpsved.se\/index.php?rest_route=\/wp\/v2\/pages\/2\/revisions"}],"predecessor-version":[{"id":393,"href":"https:\/\/stjernarpsved.se\/index.php?rest_route=\/wp\/v2\/pages\/2\/revisions\/393"}],"wp:attachment":[{"href":"https:\/\/stjernarpsved.se\/index.php?rest_route=%2Fwp%2Fv2%2Fmedia&parent=2"}],"curies":[{"name":"wp","href":"https:\/\/api.w.org\/{rel}","templated":true}]}}