{"id":223,"date":"2023-06-22T16:18:30","date_gmt":"2023-06-22T14:18:30","guid":{"rendered":"http:\/\/www.stjernarpsved.se\/?page_id=223"},"modified":"2024-01-18T12:48:27","modified_gmt":"2024-01-18T11:48:27","slug":"priser","status":"publish","type":"page","link":"https:\/\/stjernarpsved.se\/?page_id=223","title":{"rendered":"PRISER"},"content":{"rendered":"\n<h3 class=\"wp-block-heading\"><strong>Under <a href=\"https:\/\/stjernarpsved.se\/?page_id=233\" data-type=\"URL\" data-id=\"https:\/\/stjernarpsved.se\/?page_id=233\">\u201dBest\u00e4llning\u201d<\/a> kan du boka in n\u00e4r du vill komma och h\u00e4mta ved.<\/strong><br><br>De datum som \u00e4r markerade i fet stil g\u00e5r det att boka h\u00e4mtning av ved, v\u00e4lkommen att boka.<\/h3>\n\n\n\n<h4 class=\"wp-block-heading\"><strong><mark style=\"background-color:rgba(0, 0, 0, 0);color:#974806\" class=\"has-inline-color\">TORR VED<\/mark><\/strong><\/h4>\n\n\n\n<p>30 CM<br>1 M3 BJ\u00d6RKVED I S\u00c4CK STJ\u00c4LPT P\u00c5 PALL &#8211;&nbsp; 1300 KR<\/p>\n\n\n\n<p>1 M3 BOKVED I S\u00c4CK STJ\u00c4LPT P\u00c5 PALL &#8211; 1400 KR<\/p>\n\n\n\n<p>25 CM VED<br>1 M3 BJ\u00d6RKVED I S\u00c4CK STJ\u00c4LPT P\u00c5 PALL&nbsp;&#8211; 1400 KR<\/p>\n\n\n\n<p><\/p>\n\n\n\n<figure class=\"wp-block-image size-large is-resized\"><img loading=\"lazy\" decoding=\"async\" src=\"http:\/\/www.stjernarpsved.se\/wp-content\/uploads\/2023\/06\/1764ae8d-8893-4340-b0c3-95b0150c9a67-1024x768.jpg\" alt=\"\" class=\"wp-image-18\" style=\"width:241px;height:180px\" width=\"241\" height=\"180\" srcset=\"https:\/\/stjernarpsved.se\/wp-content\/uploads\/2023\/06\/1764ae8d-8893-4340-b0c3-95b0150c9a67-1024x768.jpg 1024w, https:\/\/stjernarpsved.se\/wp-content\/uploads\/2023\/06\/1764ae8d-8893-4340-b0c3-95b0150c9a67-300x225.jpg 300w, https:\/\/stjernarpsved.se\/wp-content\/uploads\/2023\/06\/1764ae8d-8893-4340-b0c3-95b0150c9a67-768x576.jpg 768w, https:\/\/stjernarpsved.se\/wp-content\/uploads\/2023\/06\/1764ae8d-8893-4340-b0c3-95b0150c9a67.jpg 1280w\" sizes=\"(max-width: 241px) 100vw, 241px\" \/><\/figure>\n\n\n\n<h2 class=\"wp-block-heading\"><strong>Information &amp; f\u00f6rs\u00e4ljningsvillkor<\/strong><\/h2>\n\n\n\n<p><strong>V\u00e5ra m3 s\u00e4ckar med bj\u00f6rkved stj\u00e4lps<\/strong>&nbsp;ner i en form som \u00e4r exakt 1 kubikmeter, vedbitarna varierar i storlek och det kan vara n\u00f6dv\u00e4ndigt att sj\u00e4lv dela n\u00e5gon enstaka bit som slinker f\u00f6rbi. Stockarna som veden s\u00e5gas fr\u00e5n \u00e4r i varierande l\u00e4ngd vilket inneb\u00e4r att l\u00e4ngden p\u00e5 veden \u00e4r st\u00e4lld till 30 cm men f\u00f6rsta och sista biten p\u00e5 stocken kan variera.&nbsp;Stickor och l\u00f6s bark kan finnas i pallen, detta \u00e4r helt normalt och inte grund f\u00f6r reklamation, de \u00e4r dessutom utomordentligt bra att starta brasan med.<\/p>\n\n\n\n<p><strong>H\u00e4mta sj\u00e4lv<br><\/strong>Vi har endast h\u00e4mtning p\u00e5 g\u00e5rden ingen hemleverans. Vi lastar med hjullastare n\u00e4r du kommer med ditt sl\u00e4p. En m3 v\u00e4ger ca 315 &#8211; 325 kg.<\/p>\n\n\n\n<p><strong>Betalning<br><\/strong>Mot faktura, Swish eller kontant betalning.<br><strong>Swish 1234934683<\/strong><\/p>\n\n\n\n<p><strong>Alla priser \u00e4r inkl moms.<\/strong><\/p>\n\n\n\n<p><br>&nbsp;<em>OBS!!!<br><em>N\u00e4r vedhandlaren pratar om 1 m3 ved som 1 travad meter ved,<br>avses den yttre volymen p\u00e5 en vedtrave inklusive luften mellan vedklabbarna.<br><br>N\u00e4r vedhandlaren pratar om 1 m3 brasved som 1 stj\u00e4lpt meter avses den<br>yttre volymen p\u00e5 veden d\u00e5 den tippas i en k\u00e4rra, inklusive luften mellan vedklabbarna.<\/em><\/em><\/p>\n","protected":false},"excerpt":{"rendered":"<p>Under \u201dBest\u00e4llning\u201d kan du boka in n\u00e4r du vill komma och h\u00e4mta ved. De datum som \u00e4r markerade i fet stil g\u00e5r det att boka h\u00e4mtning av ved, v\u00e4lkommen att boka. TORR VED 30 CM1 M3 BJ\u00d6RKVED I S\u00c4CK STJ\u00c4LPT P\u00c5 PALL &#8211;&nbsp; 1300 KR 1 M3 BOKVED I S\u00c4CK STJ\u00c4LPT P\u00c5 PALL &#8211; 1400 &hellip; <\/p>\n<p class=\"link-more\"><a href=\"https:\/\/stjernarpsved.se\/?page_id=223\" class=\"more-link\">Forts\u00e4tt l\u00e4sa<span class=\"screen-reader-text\"> \u201dPRISER\u201d<\/span><\/a><\/p>\n","protected":false},"author":1,"featured_media":0,"parent":0,"menu_order":0,"comment_status":"closed","ping_status":"closed","template":"","meta":{"footnotes":""},"_links":{"self":[{"href":"https:\/\/stjernarpsved.se\/index.php?rest_route=\/wp\/v2\/pages\/223"}],"collection":[{"href":"https:\/\/stjernarpsved.se\/index.php?rest_route=\/wp\/v2\/pages"}],"about":[{"href":"https:\/\/stjernarpsved.se\/index.php?rest_route=\/wp\/v2\/types\/page"}],"author":[{"embeddable":true,"href":"https:\/\/stjernarpsved.se\/index.php?rest_route=\/wp\/v2\/users\/1"}],"replies":[{"embeddable":true,"href":"https:\/\/stjernarpsved.se\/index.php?rest_route=%2Fwp%2Fv2%2Fcomments&post=223"}],"version-history":[{"count":5,"href":"https:\/\/stjernarpsved.se\/index.php?rest_route=\/wp\/v2\/pages\/223\/revisions"}],"predecessor-version":[{"id":378,"href":"https:\/\/stjernarpsved.se\/index.php?rest_route=\/wp\/v2\/pages\/223\/revisions\/378"}],"wp:attachment":[{"href":"https:\/\/stjernarpsved.se\/index.php?rest_route=%2Fwp%2Fv2%2Fmedia&parent=223"}],"curies":[{"name":"wp","href":"https:\/\/api.w.org\/{rel}","templated":true}]}}