{"id":229,"date":"2023-06-22T16:23:57","date_gmt":"2023-06-22T14:23:57","guid":{"rendered":"http:\/\/www.stjernarpsved.se\/?page_id=229"},"modified":"2023-06-22T16:23:57","modified_gmt":"2023-06-22T14:23:57","slug":"pefc-cerifiering","status":"publish","type":"page","link":"https:\/\/stjernarpsved.se\/?page_id=229","title":{"rendered":"PEFC CERIFIERING"},"content":{"rendered":"\n<div class=\"wp-block-columns is-layout-flex wp-container-core-columns-is-layout-1 wp-block-columns-is-layout-flex\">\n<div class=\"wp-block-column is-layout-flow wp-block-column-is-layout-flow\">\n<h3 class=\"wp-block-heading\"><strong>STJERNARPS SKOG<\/strong><\/h3>\n\n\n\n<p>Vi \u00e4r certifierade enligt PEFC vilket inneb\u00e4r att vi bedriver ett milj\u00f6anpassat, samh\u00e4llsnyttigt och ekonomiskt uth\u00e5lligt skogsbruk.<br>V\u00e5rt medemsnummer i Sydveds paraplyorganisation f\u00f6r certifiering av skogsbruk \u00e4r 0220.<\/p>\n<\/div>\n\n\n\n<div class=\"wp-block-column is-layout-flow wp-block-column-is-layout-flow\">\n<h3 class=\"wp-block-heading\"><strong>PEFC<\/strong><\/h3>\n\n\n\n<p><em>Certifiering inneb\u00e4r att n\u00e5gon garanterar att en produkt eller tj\u00e4nst utf\u00f6rs enligt vissa specifika kvalitetskrav, en standard. St\u00f6rst trov\u00e4rdighet f\u00e5r certifieringen d\u00e5 garantin l\u00e4mnas av en opartisk organisation ut\u00f6ver s\u00e4ljare och kund. Man talar d\u00e5 om tredjepartscertifiering.<\/em><\/p>\n<\/div>\n<\/div>\n","protected":false},"excerpt":{"rendered":"<p>STJERNARPS SKOG Vi \u00e4r certifierade enligt PEFC vilket inneb\u00e4r att vi bedriver ett milj\u00f6anpassat, samh\u00e4llsnyttigt och ekonomiskt uth\u00e5lligt skogsbruk.V\u00e5rt medemsnummer i Sydveds paraplyorganisation f\u00f6r certifiering av skogsbruk \u00e4r 0220. PEFC Certifiering inneb\u00e4r att n\u00e5gon garanterar att en produkt eller tj\u00e4nst utf\u00f6rs enligt vissa specifika kvalitetskrav, en standard. St\u00f6rst trov\u00e4rdighet f\u00e5r certifieringen d\u00e5 garantin l\u00e4mnas av &hellip; <\/p>\n<p class=\"link-more\"><a href=\"https:\/\/stjernarpsved.se\/?page_id=229\" class=\"more-link\">Forts\u00e4tt l\u00e4sa<span class=\"screen-reader-text\"> \u201dPEFC CERIFIERING\u201d<\/span><\/a><\/p>\n","protected":false},"author":1,"featured_media":0,"parent":0,"menu_order":0,"comment_status":"closed","ping_status":"closed","template":"","meta":{"footnotes":""},"_links":{"self":[{"href":"https:\/\/stjernarpsved.se\/index.php?rest_route=\/wp\/v2\/pages\/229"}],"collection":[{"href":"https:\/\/stjernarpsved.se\/index.php?rest_route=\/wp\/v2\/pages"}],"about":[{"href":"https:\/\/stjernarpsved.se\/index.php?rest_route=\/wp\/v2\/types\/page"}],"author":[{"embeddable":true,"href":"https:\/\/stjernarpsved.se\/index.php?rest_route=\/wp\/v2\/users\/1"}],"replies":[{"embeddable":true,"href":"https:\/\/stjernarpsved.se\/index.php?rest_route=%2Fwp%2Fv2%2Fcomments&post=229"}],"version-history":[{"count":1,"href":"https:\/\/stjernarpsved.se\/index.php?rest_route=\/wp\/v2\/pages\/229\/revisions"}],"predecessor-version":[{"id":230,"href":"https:\/\/stjernarpsved.se\/index.php?rest_route=\/wp\/v2\/pages\/229\/revisions\/230"}],"wp:attachment":[{"href":"https:\/\/stjernarpsved.se\/index.php?rest_route=%2Fwp%2Fv2%2Fmedia&parent=229"}],"curies":[{"name":"wp","href":"https:\/\/api.w.org\/{rel}","templated":true}]}}