{"id":3,"date":"2023-05-30T16:00:13","date_gmt":"2023-05-30T14:00:13","guid":{"rendered":"http:\/\/www.stjernarpsved.se\/?page_id=3"},"modified":"2023-06-19T14:58:43","modified_gmt":"2023-06-19T12:58:43","slug":"integritetspolicy","status":"publish","type":"page","link":"https:\/\/stjernarpsved.se\/?page_id=3","title":{"rendered":"Integritetspolicy"},"content":{"rendered":"\n<h2 class=\"wp-block-heading\">Vilka vi \u00e4r<\/h2>\n\n\n\n<p>V\u00e5r webbplatsadress \u00e4r: http:\/\/www.stjernarpsved.se.<\/p>\n\n\n\n<h2 class=\"wp-block-heading\">Bokningar<\/h2>\n\n\n\n<p>N\u00e4r du g\u00f6r en bokning f\u00f6r avh\u00e4mtning av ved p\u00e5 v\u00e5r sida s\u00e5 registreras din e-postadress i v\u00e5rt system s\u00e5 att vi kan kontakta dig. Du kan n\u00e4r som helst beg\u00e4ra att vi tar bort den fr\u00e5n v\u00e5rt system.<\/p>\n\n\n\n<h2 class=\"wp-block-heading\">Vi delar inte dina data<\/h2>\n\n\n\n<p>Om du bokar avh\u00e4mtning och ger oss din e-postadress s\u00e5 l\u00e4mnar vi inte den vidare till n\u00e5gon annan.<\/p>\n\n\n\n<h2 class=\"wp-block-heading\">Hur l\u00e4nge vi beh\u00e5ller era uppgifter<\/h2>\n\n\n\n<p>Om du slutar att handla av oss s\u00e5 kommer vi att ta bort dina kontaktuppgifter fr\u00e5n v\u00e5ra system inom rimlig tid.<\/p>\n","protected":false},"excerpt":{"rendered":"<p>Vilka vi \u00e4r V\u00e5r webbplatsadress \u00e4r: http:\/\/www.stjernarpsved.se. Bokningar N\u00e4r du g\u00f6r en bokning f\u00f6r avh\u00e4mtning av ved p\u00e5 v\u00e5r sida s\u00e5 registreras din e-postadress i v\u00e5rt system s\u00e5 att vi kan kontakta dig. Du kan n\u00e4r som helst beg\u00e4ra att vi tar bort den fr\u00e5n v\u00e5rt system. Vi delar inte dina data Om du bokar &hellip; <\/p>\n<p class=\"link-more\"><a href=\"https:\/\/stjernarpsved.se\/?page_id=3\" class=\"more-link\">Forts\u00e4tt l\u00e4sa<span class=\"screen-reader-text\"> \u201dIntegritetspolicy\u201d<\/span><\/a><\/p>\n","protected":false},"author":1,"featured_media":0,"parent":0,"menu_order":0,"comment_status":"closed","ping_status":"open","template":"","meta":{"footnotes":""},"_links":{"self":[{"href":"https:\/\/stjernarpsved.se\/index.php?rest_route=\/wp\/v2\/pages\/3"}],"collection":[{"href":"https:\/\/stjernarpsved.se\/index.php?rest_route=\/wp\/v2\/pages"}],"about":[{"href":"https:\/\/stjernarpsved.se\/index.php?rest_route=\/wp\/v2\/types\/page"}],"author":[{"embeddable":true,"href":"https:\/\/stjernarpsved.se\/index.php?rest_route=\/wp\/v2\/users\/1"}],"replies":[{"embeddable":true,"href":"https:\/\/stjernarpsved.se\/index.php?rest_route=%2Fwp%2Fv2%2Fcomments&post=3"}],"version-history":[{"count":1,"href":"https:\/\/stjernarpsved.se\/index.php?rest_route=\/wp\/v2\/pages\/3\/revisions"}],"predecessor-version":[{"id":31,"href":"https:\/\/stjernarpsved.se\/index.php?rest_route=\/wp\/v2\/pages\/3\/revisions\/31"}],"wp:attachment":[{"href":"https:\/\/stjernarpsved.se\/index.php?rest_route=%2Fwp%2Fv2%2Fmedia&parent=3"}],"curies":[{"name":"wp","href":"https:\/\/api.w.org\/{rel}","templated":true}]}}